{"id":14736,"date":"2022-04-08T22:41:15","date_gmt":"2022-04-08T22:41:15","guid":{"rendered":"https:\/\/hamkaecenter.org\/?page_id=14736"},"modified":"2022-04-08T23:28:50","modified_gmt":"2022-04-08T23:28:50","slug":"giup","status":"publish","type":"page","link":"https:\/\/hamkaecenter.org\/vi\/giup\/","title":{"rendered":"C\u1ea7n Tr\u1ee3 Gi\u00fap?"},"content":{"rendered":"[vc_row type=&#8221;in_container&#8221; full_screen_row_position=&#8221;middle&#8221; column_margin=&#8221;default&#8221; equal_height=&#8221;yes&#8221; content_placement=&#8221;middle&#8221; column_direction=&#8221;default&#8221; column_direction_tablet=&#8221;default&#8221; column_direction_phone=&#8221;default&#8221; scene_position=&#8221;center&#8221; text_color=&#8221;dark&#8221; text_align=&#8221;left&#8221; row_border_radius=&#8221;none&#8221; row_border_radius_applies=&#8221;bg&#8221; overflow=&#8221;visible&#8221; overlay_strength=&#8221;0.3&#8243; gradient_direction=&#8221;left_to_right&#8221; shape_divider_position=&#8221;bottom&#8221; bg_image_animation=&#8221;none&#8221; shape_type=&#8221;&#8221;][vc_column column_padding=&#8221;no-extra-padding&#8221; column_padding_tablet=&#8221;inherit&#8221; column_padding_phone=&#8221;inherit&#8221; column_padding_position=&#8221;all&#8221; column_element_spacing=&#8221;default&#8221; background_color_opacity=&#8221;1&#8243; background_hover_color_opacity=&#8221;1&#8243; column_shadow=&#8221;none&#8221; column_border_radius=&#8221;none&#8221; column_link_target=&#8221;_self&#8221; column_position=&#8221;default&#8221; gradient_direction=&#8221;left_to_right&#8221; overlay_strength=&#8221;0.3&#8243; width=&#8221;1\/2&#8243; tablet_width_inherit=&#8221;default&#8221; tablet_text_alignment=&#8221;default&#8221; phone_text_alignment=&#8221;default&#8221; animation_type=&#8221;default&#8221; bg_image_animation=&#8221;none&#8221; border_type=&#8221;simple&#8221; column_border_width=&#8221;none&#8221; column_border_style=&#8221;solid&#8221; offset=&#8221;vc_col-xs-12&#8243;][image_with_animation image_url=&#8221;13916&#8243; image_size=&#8221;full&#8221; animation_type=&#8221;entrance&#8221; animation=&#8221;Fade In From Left&#8221; hover_animation=&#8221;none&#8221; alignment=&#8221;&#8221; border_radius=&#8221;none&#8221; box_shadow=&#8221;medium_depth&#8221; image_loading=&#8221;default&#8221; max_width=&#8221;100%&#8221; max_width_mobile=&#8221;default&#8221;][\/vc_column][vc_column column_padding=&#8221;padding-5-percent&#8221; column_padding_tablet=&#8221;inherit&#8221; column_padding_phone=&#8221;inherit&#8221; column_padding_position=&#8221;all&#8221; column_element_spacing=&#8221;default&#8221; background_color_opacity=&#8221;1&#8243; background_hover_color_opacity=&#8221;1&#8243; column_shadow=&#8221;none&#8221; column_border_radius=&#8221;none&#8221; column_link_target=&#8221;_self&#8221; column_position=&#8221;default&#8221; gradient_direction=&#8221;left_to_right&#8221; overlay_strength=&#8221;0.3&#8243; width=&#8221;1\/2&#8243; tablet_width_inherit=&#8221;default&#8221; tablet_text_alignment=&#8221;default&#8221; phone_text_alignment=&#8221;default&#8221; animation_type=&#8221;default&#8221; enable_animation=&#8221;true&#8221; animation=&#8221;fade-in-from-right&#8221; bg_image_animation=&#8221;none&#8221; border_type=&#8221;simple&#8221; column_border_width=&#8221;none&#8221; column_border_style=&#8221;solid&#8221; offset=&#8221;vc_col-xs-12&#8243; delay=&#8221;250&#8243;][vc_custom_heading text=&#8221;\u0110\u01b0\u1eddng D\u00e2y N\u00f3ng Nh\u1eadp C\u01b0 24\/7&#8243; font_container=&#8221;tag:h1|text_align:left&#8221; use_theme_fonts=&#8221;yes&#8221; css_animation=&#8221;none&#8221; css=&#8221;.vc_custom_1649457626876{margin-bottom: 25px !important;}&#8221;][vc_column_text]T\u1ea5t c\u1ea3 m\u1ecdi ng\u01b0\u1eddi, bao g\u1ed3m ng\u01b0\u1eddi nh\u1eadp c\u01b0 kh\u00f4ng gi\u1ea5y t\u1edd \u0111ang sinh s\u1ed1ng \u1edf M\u1ef9, c\u00f3 nh\u1eefng quy\u1ec1n l\u1ee3i c\u01a1 b\u1ea3n d\u01b0\u1edbi Hi\u1ebfn Ph\u00e1p. N\u1ebfu qu\u00fd v\u1ecb ti\u1ebfp x\u00fac v\u1edbi An Ninh Di tr\u00fa ho\u1eb7c c\u1ea3nh s\u00e1t \u1edf nh\u00e0, ngo\u00e0i \u0111\u01b0\u1eddng, ho\u1eb7c b\u1ea5t k\u1ef3 \u0111\u00e2u, h\u00e3y bi\u1ebft v\u00e0 th\u1ef1c h\u00e0nh quy\u1ec1n c\u01a1 b\u1ea3n c\u1ee7a m\u00ecnh.<\/p>\n<p>G\u1ecdi \u0110\u01b0\u1eddng d\u00e2y n\u00f3ng c\u1ee7a NAKASEC. Nh\u1ea5n <b>1<\/b> n\u1ebfu \u0111\u00f3 l\u00e0 tr\u01b0\u1eddng h\u1ee3p c\u1ea5p b\u00e1ch (vd: ng\u01b0\u1eddi th\u00e2n b\u1ecb b\u1eaft ho\u1eb7c qu\u00fd v\u1ecb c\u1ea7n t\u00ecm ng\u01b0\u1eddi \u1ea5y, ICE \u0111ang \u1edf c\u1eeda, v.v.) ho\u1eb7c nh\u1ea5n <b>2<\/b> n\u1ebfu \u0111\u00f3 l\u00e0 tr\u01b0\u1eddng h\u1ee3p kh\u00f4ng c\u1ea5p b\u00e1ch (vd: c\u00f3 c\u00e2u h\u1ecfi v\u1ec1 quy\u1ec1n l\u1ee3i c\u1ee7a qu\u00fd v\u1ecb, v.v.) N\u1ebfu kh\u00f4ng c\u00f3 c\u00e2u h\u1ecfi, xin \u0111\u1ec3 l\u1ea1i m\u1ed9t th\u01b0 tho\u1ea1i chi ti\u1ebft v\u00e0 m\u1ed9t nh\u00e2n vi\u00ean t\u1eeb h\u1ec7 th\u1ed1ng NAKASEC s\u1ebd g\u1ecdi l\u1ea1i cho qu\u00fd v\u1ecb s\u1edbm nh\u1ea5t c\u00f3 th\u1ec3. Tr\u1ee3 gi\u00fap l\u00e0 ho\u00e0n to\u00e0n b\u00ed m\u1eadt v\u00e0 s\u1eb5n s\u00e0ng b\u1eb1ng ti\u1ebfng H\u00e0n &amp; ti\u1ebfng Anh.[\/vc_column_text][\/vc_column][\/vc_row][vc_row type=&#8221;in_container&#8221; full_screen_row_position=&#8221;middle&#8221; column_margin=&#8221;default&#8221; equal_height=&#8221;yes&#8221; content_placement=&#8221;middle&#8221; column_direction=&#8221;default&#8221; column_direction_tablet=&#8221;default&#8221; column_direction_phone=&#8221;default&#8221; scene_position=&#8221;center&#8221; top_padding=&#8221;5%&#8221; text_color=&#8221;dark&#8221; text_align=&#8221;left&#8221; row_border_radius=&#8221;none&#8221; row_border_radius_applies=&#8221;bg&#8221; overflow=&#8221;visible&#8221; overlay_strength=&#8221;0.3&#8243; gradient_direction=&#8221;left_to_right&#8221; shape_divider_position=&#8221;bottom&#8221; bg_image_animation=&#8221;none&#8221; shape_type=&#8221;&#8221;][vc_column column_padding=&#8221;padding-5-percent&#8221; column_padding_tablet=&#8221;inherit&#8221; column_padding_phone=&#8221;inherit&#8221; column_padding_position=&#8221;all&#8221; column_element_spacing=&#8221;default&#8221; background_color_opacity=&#8221;1&#8243; background_hover_color_opacity=&#8221;1&#8243; column_shadow=&#8221;none&#8221; column_border_radius=&#8221;none&#8221; column_link_target=&#8221;_self&#8221; column_position=&#8221;default&#8221; gradient_direction=&#8221;left_to_right&#8221; overlay_strength=&#8221;0.3&#8243; width=&#8221;1\/2&#8243; tablet_width_inherit=&#8221;default&#8221; tablet_text_alignment=&#8221;default&#8221; phone_text_alignment=&#8221;default&#8221; animation_type=&#8221;default&#8221; enable_animation=&#8221;true&#8221; animation=&#8221;fade-in-from-left&#8221; bg_image_animation=&#8221;none&#8221; border_type=&#8221;simple&#8221; column_border_width=&#8221;none&#8221; column_border_style=&#8221;solid&#8221; offset=&#8221;vc_col-xs-12&#8243;][vc_custom_heading text=&#8221;Bi\u1ebft Quy\u1ec1n L\u1ee3i c\u1ee7a Qu\u00fd V\u1ecb&#8221; font_container=&#8221;tag:h1|text_align:left&#8221; use_theme_fonts=&#8221;yes&#8221; css_animation=&#8221;none&#8221; css=&#8221;.vc_custom_1649457633644{margin-bottom: 25px !important;}&#8221;][vc_column_text]Ch\u00fang t\u00f4i khuy\u1ebfn kh\u00edch nh\u1eefng gia \u0111\u00ecnh nh\u1eadp c\u01b0 kh\u00f4ng gi\u1ea5y t\u1edd v\u00e0 nh\u1eefng gia \u0111\u00ecnh nh\u1eadp c\u01b0 c\u00f3 t\u00ecnh tr\u1ea1ng h\u1ed7n h\u1ee3p n\u00ean l\u1eadp k\u1ebf ho\u1ea1ch an to\u00e0n.<\/p>\n<ul>\n<li aria-level=\"1\">Ghi nh\u1edb s\u1ed1 \u0111i\u1ec7n tho\u1ea1i c\u1ee7a m\u1ed9t ng\u01b0\u1eddi b\u1ea1n, ng\u01b0\u1eddi th\u00e2n trong gia \u0111\u00ecnh, ho\u1eb7c lu\u1eadt s\u01b0 \u0111\u1ec3 g\u1ecdi khi b\u1ecb b\u1eaft gi\u1eef.<\/li>\n<li aria-level=\"1\">\u0110\u01b0a s\u1ed1 c\u1ee7a \u0111\u01b0\u1eddng d\u00e2y n\u00f3ng c\u1ee7a NAKASEC cho ng\u01b0\u1eddi th\u00e2n, b\u1ea1n b\u00e8, ho\u1eb7c lu\u1eadt s\u01b0 \u0111\u1ec3 ch\u00fang t\u00f4i c\u00f3 th\u1ec3 h\u1ed7 tr\u1ee3 qu\u00fd v\u1ecb n\u1ebfu qu\u00fd v\u1ecb b\u1ecb b\u1eaft: 1-844-500-3222 (ch\u1ecdn ti\u1ebfng H\u00e0n, nh\u1ea5n 1)<\/li>\n<li aria-level=\"1\">N\u1ebfu qu\u00fd v\u1ecb \u0111ang ch\u0103m s\u00f3c tr\u1ebb em ho\u1eb7c ng\u01b0\u1eddi kh\u00e1c, l\u00ean k\u1ebf ho\u1ea1ch \u0111\u1ec3 h\u1ecd nh\u1eadn ch\u0103m s\u00f3c n\u1ebfu qu\u00fd v\u1ecb b\u1ecb b\u1eaft.<\/li>\n<li aria-level=\"1\">Gi\u1eef c\u00e1c gi\u1ea5y t\u1edd quan tr\u1ecdng nh\u01b0 gi\u1ea5y khai sinh v\u00e0 gi\u1ea5y t\u1edd di tr\u00fa \u1edf m\u1ed9t n\u01a1i an to\u00e0n m\u00e0 b\u1ea1n b\u00e8 ho\u1eb7c gia \u0111\u00ecnh c\u00f3 th\u1ec3 ti\u1ebfp c\u1eadn m\u1ed9t c\u00e1ch d\u1ec5 d\u00e0ng.<\/li>\n<li aria-level=\"1\">Ch\u1eafc ch\u1eafn r\u1eb1ng ng\u01b0\u1eddi th\u00e2n c\u1ee7a qu\u00fd v\u1ecb bi\u1ebft ph\u1ea3i t\u00ecm qu\u00fd v\u1ecb \u1edf \u0111\u00e2u n\u1ebfu qu\u00fd v\u1ecb b\u1ecb ICE b\u1eaft. H\u1ecd c\u00f3 th\u1ec3 d\u00f9ng <a href=\"https:\/\/locator.ice.gov\/odls\/#\/index\" target=\"_blank\" rel=\"noopener\">h\u1ec7 th\u1ed1ng tr\u1ef1c tuy\u1ebfn \u0111\u1ecbnh v\u1ecb ng\u01b0\u1eddi c\u1ee7a ICE<\/a> \u0111\u1ec3 t\u00ecm ng\u01b0\u1eddi \u0111ang b\u1ecb giam gi\u1eef, ho\u1eb7c h\u1ecd c\u00f3 th\u1ec3 g\u1ecdi v\u0103n ph\u00f2ng ICE \u1edf \u0111\u1ecba ph\u01b0\u01a1ng. Ch\u1eafc ch\u1eafn r\u1eb1ng h\u1ecd c\u00f3 s\u1ed1 \u0111\u0103ng k\u00fd ng\u01b0\u1eddi ngo\u1ea1i qu\u1ed1c c\u1ee7a qu\u00fd v\u1ecb ghi l\u1ea1i, n\u1ebfu qu\u00fd v\u1ecb c\u00f3 s\u1ed1 \u0111\u00f3. N\u1ebfu ng\u01b0\u1eddi th\u00e2n c\u1ee7a qu\u00fd v\u1ecb g\u1ecdi \u0111\u1ebfn t\u1ed5ng \u0111\u00e0i NAKASEC, ch\u00fang t\u00f4i c\u0169ng c\u00f3 th\u1ec3 h\u1ed7 tr\u1ee3 v\u1edbi x\u00e1c \u0111\u1ecbnh ng\u01b0\u1eddi nh\u00e0 \u1edf \u0111\u00e2u.<\/li>\n<\/ul>\n<p>Qu\u00fd v\u1ecb c\u00f3 th\u1ec3 g\u1ecdi t\u1ed5ng \u0111\u00e0i V\u0103n ph\u00f2ng \u0110i\u1ec1u h\u00e0nh Ki\u1ec3m tra Nh\u1eadp c\u01b0 (EOIR) t\u1ea1i s\u1ed1 240-314-1500 ho\u1eb7c 1-800-898-7180 (mi\u1ec5n c\u01b0\u1edbc) 24 gi\u1edd m\u1ed9t ng\u00e0y, 7 ng\u00e0y m\u1ed9t tu\u1ea7n \u0111\u1ec3\u00a0 nh\u1eadn th\u00f4ng tin v\u1ec1 ca c\u1ee7a qu\u00fd v\u1ecb.[\/vc_column_text][\/vc_column][vc_column column_padding=&#8221;no-extra-padding&#8221; column_padding_tablet=&#8221;inherit&#8221; column_padding_phone=&#8221;inherit&#8221; column_padding_position=&#8221;all&#8221; column_element_spacing=&#8221;default&#8221; background_color_opacity=&#8221;1&#8243; background_hover_color_opacity=&#8221;1&#8243; column_shadow=&#8221;none&#8221; column_border_radius=&#8221;none&#8221; column_link_target=&#8221;_self&#8221; column_position=&#8221;default&#8221; gradient_direction=&#8221;left_to_right&#8221; overlay_strength=&#8221;0.3&#8243; width=&#8221;1\/2&#8243; tablet_width_inherit=&#8221;default&#8221; tablet_text_alignment=&#8221;default&#8221; phone_text_alignment=&#8221;default&#8221; animation_type=&#8221;default&#8221; bg_image_animation=&#8221;none&#8221; border_type=&#8221;simple&#8221; column_border_width=&#8221;none&#8221; column_border_style=&#8221;solid&#8221; offset=&#8221;vc_col-xs-12&#8243;][image_with_animation image_url=&#8221;13917&#8243; image_size=&#8221;full&#8221; animation_type=&#8221;entrance&#8221; animation=&#8221;Fade In From Right&#8221; hover_animation=&#8221;none&#8221; alignment=&#8221;&#8221; border_radius=&#8221;none&#8221; box_shadow=&#8221;medium_depth&#8221; image_loading=&#8221;default&#8221; max_width=&#8221;100%&#8221; max_width_mobile=&#8221;default&#8221; delay=&#8221;250&#8243;][\/vc_column][\/vc_row]\n","protected":false},"excerpt":{"rendered":"<p>[vc_row type=&#8221;in_container&#8221; full_screen_row_position=&#8221;middle&#8221; column_margin=&#8221;default&#8221; equal_height=&#8221;yes&#8221; content_placement=&#8221;middle&#8221; column_direction=&#8221;default&#8221; column_direction_tablet=&#8221;default&#8221; column_direction_phone=&#8221;default&#8221; scene_position=&#8221;center&#8221; text_color=&#8221;dark&#8221; text_align=&#8221;left&#8221; row_border_radius=&#8221;none&#8221; row_border_radius_applies=&#8221;bg&#8221; overflow=&#8221;visible&#8221; overlay_strength=&#8221;0.3&#8243; gradient_direction=&#8221;left_to_right&#8221; shape_divider_position=&#8221;bottom&#8221; bg_image_animation=&#8221;none&#8221; shape_type=&#8221;&#8221;][vc_column column_padding=&#8221;no-extra-padding&#8221; column_padding_tablet=&#8221;inherit&#8221; column_padding_phone=&#8221;inherit&#8221; column_padding_position=&#8221;all&#8221; column_element_spacing=&#8221;default&#8221; background_color_opacity=&#8221;1&#8243; background_hover_color_opacity=&#8221;1&#8243; column_shadow=&#8221;none&#8221; column_border_radius=&#8221;none&#8221; column_link_target=&#8221;_self&#8221;&#8230;<\/p>\n","protected":false},"author":96,"featured_media":0,"parent":0,"menu_order":0,"comment_status":"closed","ping_status":"closed","template":"","meta":{"footnotes":"","_links_to":"","_links_to_target":""},"class_list":["post-14736","page","type-page","status-publish"],"_links":{"self":[{"href":"https:\/\/hamkaecenter.org\/vi\/wp-json\/wp\/v2\/pages\/14736"}],"collection":[{"href":"https:\/\/hamkaecenter.org\/vi\/wp-json\/wp\/v2\/pages"}],"about":[{"href":"https:\/\/hamkaecenter.org\/vi\/wp-json\/wp\/v2\/types\/page"}],"author":[{"embeddable":true,"href":"https:\/\/hamkaecenter.org\/vi\/wp-json\/wp\/v2\/users\/96"}],"replies":[{"embeddable":true,"href":"https:\/\/hamkaecenter.org\/vi\/wp-json\/wp\/v2\/comments?post=14736"}],"version-history":[{"count":3,"href":"https:\/\/hamkaecenter.org\/vi\/wp-json\/wp\/v2\/pages\/14736\/revisions"}],"predecessor-version":[{"id":14786,"href":"https:\/\/hamkaecenter.org\/vi\/wp-json\/wp\/v2\/pages\/14736\/revisions\/14786"}],"wp:attachment":[{"href":"https:\/\/hamkaecenter.org\/vi\/wp-json\/wp\/v2\/media?parent=14736"}],"curies":[{"name":"wp","href":"https:\/\/api.w.org\/{rel}","templated":true}]}}