{"id":14714,"date":"2022-04-08T22:06:06","date_gmt":"2022-04-08T22:06:06","guid":{"rendered":"https:\/\/hamkaecenter.org\/?page_id=14714"},"modified":"2022-04-08T22:07:26","modified_gmt":"2022-04-08T22:07:26","slug":"chi-nhanh","status":"publish","type":"page","link":"https:\/\/hamkaecenter.org\/vi\/chi-nhanh\/","title":{"rendered":"C\u00e1c Chi Nh\u00e1nh"},"content":{"rendered":"[vc_row type=&#8221;full_width_background&#8221; full_screen_row_position=&#8221;middle&#8221; column_margin=&#8221;default&#8221; equal_height=&#8221;yes&#8221; content_placement=&#8221;middle&#8221; column_direction=&#8221;default&#8221; column_direction_tablet=&#8221;default&#8221; column_direction_phone=&#8221;default&#8221; bg_image=&#8221;13812&#8243; bg_position=&#8221;center center&#8221; background_image_loading=&#8221;default&#8221; bg_repeat=&#8221;no-repeat&#8221; scene_position=&#8221;center&#8221; top_padding=&#8221;12.5%&#8221; bottom_padding=&#8221;12.5%&#8221; text_color=&#8221;light&#8221; text_align=&#8221;left&#8221; row_border_radius=&#8221;none&#8221; row_border_radius_applies=&#8221;bg&#8221; overflow=&#8221;visible&#8221; color_overlay=&#8221;rgba(10,6,6,0.84)&#8221; overlay_strength=&#8221;0.5&#8243; gradient_direction=&#8221;left_to_right&#8221; shape_divider_position=&#8221;bottom&#8221; bg_image_animation=&#8221;none&#8221; parallax_bg=&#8221;true&#8221; parallax_bg_speed=&#8221;fixed&#8221; shape_type=&#8221;&#8221;][vc_column column_padding=&#8221;no-extra-padding&#8221; column_padding_tablet=&#8221;inherit&#8221; column_padding_phone=&#8221;inherit&#8221; column_padding_position=&#8221;all&#8221; column_element_spacing=&#8221;default&#8221; centered_text=&#8221;true&#8221; background_color_opacity=&#8221;1&#8243; background_hover_color_opacity=&#8221;1&#8243; column_shadow=&#8221;none&#8221; column_border_radius=&#8221;none&#8221; column_link_target=&#8221;_self&#8221; column_position=&#8221;default&#8221; gradient_direction=&#8221;left_to_right&#8221; overlay_strength=&#8221;0.3&#8243; width=&#8221;1\/1&#8243; tablet_width_inherit=&#8221;default&#8221; tablet_text_alignment=&#8221;default&#8221; phone_text_alignment=&#8221;default&#8221; animation_type=&#8221;default&#8221; enable_animation=&#8221;true&#8221; animation=&#8221;fade-in-from-bottom&#8221; bg_image_animation=&#8221;none&#8221; border_type=&#8221;simple&#8221; column_border_width=&#8221;none&#8221; column_border_style=&#8221;solid&#8221;][\/vc_column][\/vc_row][vc_row type=&#8221;in_container&#8221; full_screen_row_position=&#8221;middle&#8221; column_margin=&#8221;default&#8221; equal_height=&#8221;yes&#8221; content_placement=&#8221;middle&#8221; column_direction=&#8221;default&#8221; column_direction_tablet=&#8221;default&#8221; column_direction_phone=&#8221;default&#8221; scene_position=&#8221;center&#8221; text_color=&#8221;dark&#8221; text_align=&#8221;left&#8221; row_border_radius=&#8221;none&#8221; row_border_radius_applies=&#8221;bg&#8221; overflow=&#8221;visible&#8221; overlay_strength=&#8221;0.5&#8243; gradient_direction=&#8221;left_to_right&#8221; shape_divider_position=&#8221;bottom&#8221; bg_image_animation=&#8221;none&#8221; parallax_bg=&#8221;true&#8221; parallax_bg_speed=&#8221;fixed&#8221; shape_type=&#8221;&#8221;][vc_column column_padding=&#8221;padding-5-percent&#8221; column_padding_tablet=&#8221;inherit&#8221; column_padding_phone=&#8221;inherit&#8221; column_padding_position=&#8221;all&#8221; top_margin=&#8221;-10%&#8221; column_element_spacing=&#8221;default&#8221; centered_text=&#8221;true&#8221; background_color_opacity=&#8221;1&#8243; background_hover_color_opacity=&#8221;1&#8243; column_shadow=&#8221;large_depth&#8221; column_border_radius=&#8221;20px&#8221; column_link_target=&#8221;_self&#8221; column_position=&#8221;default&#8221; boxed=&#8221;true&#8221; gradient_direction=&#8221;left_to_right&#8221; overlay_strength=&#8221;0.3&#8243; width=&#8221;1\/1&#8243; tablet_width_inherit=&#8221;default&#8221; tablet_text_alignment=&#8221;default&#8221; phone_text_alignment=&#8221;default&#8221; animation_type=&#8221;default&#8221; enable_animation=&#8221;true&#8221; animation=&#8221;fade-in-from-bottom&#8221; bg_image_animation=&#8221;none&#8221; border_type=&#8221;simple&#8221; column_border_width=&#8221;none&#8221;][vc_custom_heading text=&#8221;C\u00e1c Chi Nh\u00e1nh&#8221; font_container=&#8221;tag:h1|text_align:center&#8221; use_theme_fonts=&#8221;yes&#8221; css_animation=&#8221;none&#8221; css=&#8221;.vc_custom_1649455522599{margin-bottom: 50px !important;}&#8221;][vc_column_text]<b>Trung t\u00e2m Hamkae<\/b> t\u1ef1 h\u00e0o l\u00e0 chi nh\u00e1nh \u1edf bang Virginia c\u1ee7a m\u1ea1ng l\u01b0\u1edbi NAKASEC, bao g\u1ed3m <b>Trung t\u00e2m HANA<\/b> (Chicago, IL), <b>Trung t\u00e2m<\/b> <b>MinKwon <\/b>(New York City, NY), <b>Trung t\u00e2m<\/b> <b>Woori <\/b>(Philadelphia, PA), v\u00e0 <b>Woori Juntos<\/b> (Houston, TX). Nh\u1ea5n v\u00e0o t\u1eebng l\u00f4-g\u00f4 \u0111\u1ec3 \u0111\u1ebfn trang web \u0111\u00f3 v\u00e0 bi\u1ebft th\u00eam v\u1ec1 c\u00f4ng vi\u1ec7c c\u1ee7a h\u1ecd![\/vc_column_text][\/vc_column][\/vc_row][vc_row type=&#8221;full_width_content&#8221; full_screen_row_position=&#8221;middle&#8221; column_margin=&#8221;default&#8221; column_direction=&#8221;default&#8221; column_direction_tablet=&#8221;default&#8221; column_direction_phone=&#8221;default&#8221; bg_color=&#8221;#ffffff&#8221; scene_position=&#8221;center&#8221; top_padding=&#8221;5%&#8221; bottom_padding=&#8221;5%&#8221; text_color=&#8221;dark&#8221; text_align=&#8221;center&#8221; row_border_radius=&#8221;none&#8221; row_border_radius_applies=&#8221;bg&#8221; overflow=&#8221;visible&#8221; overlay_strength=&#8221;0.3&#8243; gradient_direction=&#8221;left_to_right&#8221; shape_divider_position=&#8221;bottom&#8221; bg_image_animation=&#8221;none&#8221; shape_type=&#8221;&#8221;][vc_column column_padding=&#8221;padding-2-percent&#8221; column_padding_tablet=&#8221;inherit&#8221; column_padding_phone=&#8221;inherit&#8221; column_padding_position=&#8221;left-right&#8221; column_element_spacing=&#8221;default&#8221; centered_text=&#8221;true&#8221; background_color_opacity=&#8221;1&#8243; background_hover_color_opacity=&#8221;1&#8243; column_shadow=&#8221;none&#8221; column_border_radius=&#8221;none&#8221; column_link_target=&#8221;_self&#8221; column_position=&#8221;default&#8221; gradient_direction=&#8221;left_to_right&#8221; overlay_strength=&#8221;0.3&#8243; width=&#8221;1\/1&#8243; tablet_width_inherit=&#8221;default&#8221; tablet_text_alignment=&#8221;default&#8221; phone_text_alignment=&#8221;default&#8221; animation_type=&#8221;default&#8221; bg_image_animation=&#8221;none&#8221; border_type=&#8221;simple&#8221; column_border_width=&#8221;none&#8221; column_border_style=&#8221;solid&#8221;][clients columns=&#8221;5&#8243; hover_effect=&#8221;opacity&#8221; additional_padding=&#8221;2&#8243; fade_in_animation=&#8221;true&#8221;][client image=&#8221;13807&#8243; url_target=&#8221;_blank&#8221; title=&#8221;Client&#8221; id=&#8221;1502894777216-0-4&#8243; tab_id=&#8221;1502894621516-2&#8243; url=&#8221;https:\/\/nakasec.org&#8221; name=&#8221;NAKASEC&#8221;][vc_column_text][\/vc_column_text][\/client][client image=&#8221;13808&#8243; url_target=&#8221;_blank&#8221; title=&#8221;Client&#8221; id=&#8221;1502894065-1-80&#8243; tab_id=&#8221;1502894621516-3&#8243; url=&#8221;https:\/\/hanacenter.org\/&#8221; name=&#8221;HANA Center&#8221;][vc_column_text][\/vc_column_text][\/client][client image=&#8221;13809&#8243; url_target=&#8221;_blank&#8221; title=&#8221;Client&#8221; id=&#8221;1502894782547-0-5&#8243; tab_id=&#8221;1502894621516-4&#8243; url=&#8221;http:\/\/minkwon.org&#8221; name=&#8221;MinKwon Center&#8221;][vc_column_text][\/vc_column_text][\/client][client image=&#8221;13810&#8243; url_target=&#8221;_blank&#8221; title=&#8221;Client&#8221; id=&#8221;1502894777848-0-9&#8243; tab_id=&#8221;1502894621516-5&#8243; url=&#8221;https:\/\/wooricenterpa.org\/&#8221; name=&#8221;Woori Center&#8221;][vc_column_text][\/vc_column_text][\/client][client image=&#8221;13811&#8243; url_target=&#8221;_blank&#8221; title=&#8221;Client&#8221; id=&#8221;1502894784816-0-0&#8243; tab_id=&#8221;1502894621516-9&#8243; url=&#8221;https:\/\/www.woorijuntos.org\/&#8221; name=&#8221;Woori Juntos&#8221;][\/client][\/clients][\/vc_column][\/vc_row]\n","protected":false},"excerpt":{"rendered":"<p>[vc_row type=&#8221;full_width_background&#8221; full_screen_row_position=&#8221;middle&#8221; column_margin=&#8221;default&#8221; equal_height=&#8221;yes&#8221; content_placement=&#8221;middle&#8221; column_direction=&#8221;default&#8221; column_direction_tablet=&#8221;default&#8221; column_direction_phone=&#8221;default&#8221; bg_image=&#8221;13812&#8243; bg_position=&#8221;center center&#8221; background_image_loading=&#8221;default&#8221; bg_repeat=&#8221;no-repeat&#8221; scene_position=&#8221;center&#8221; top_padding=&#8221;12.5%&#8221; bottom_padding=&#8221;12.5%&#8221; text_color=&#8221;light&#8221; text_align=&#8221;left&#8221; row_border_radius=&#8221;none&#8221; row_border_radius_applies=&#8221;bg&#8221; overflow=&#8221;visible&#8221; color_overlay=&#8221;rgba(10,6,6,0.84)&#8221; overlay_strength=&#8221;0.5&#8243; gradient_direction=&#8221;left_to_right&#8221; shape_divider_position=&#8221;bottom&#8221; bg_image_animation=&#8221;none&#8221; parallax_bg=&#8221;true&#8221; parallax_bg_speed=&#8221;fixed&#8221; shape_type=&#8221;&#8221;][vc_column&#8230;<\/p>\n","protected":false},"author":96,"featured_media":0,"parent":0,"menu_order":4,"comment_status":"closed","ping_status":"closed","template":"","meta":{"footnotes":"","_links_to":"","_links_to_target":""},"class_list":["post-14714","page","type-page","status-publish"],"_links":{"self":[{"href":"https:\/\/hamkaecenter.org\/vi\/wp-json\/wp\/v2\/pages\/14714"}],"collection":[{"href":"https:\/\/hamkaecenter.org\/vi\/wp-json\/wp\/v2\/pages"}],"about":[{"href":"https:\/\/hamkaecenter.org\/vi\/wp-json\/wp\/v2\/types\/page"}],"author":[{"embeddable":true,"href":"https:\/\/hamkaecenter.org\/vi\/wp-json\/wp\/v2\/users\/96"}],"replies":[{"embeddable":true,"href":"https:\/\/hamkaecenter.org\/vi\/wp-json\/wp\/v2\/comments?post=14714"}],"version-history":[{"count":2,"href":"https:\/\/hamkaecenter.org\/vi\/wp-json\/wp\/v2\/pages\/14714\/revisions"}],"predecessor-version":[{"id":14721,"href":"https:\/\/hamkaecenter.org\/vi\/wp-json\/wp\/v2\/pages\/14714\/revisions\/14721"}],"wp:attachment":[{"href":"https:\/\/hamkaecenter.org\/vi\/wp-json\/wp\/v2\/media?parent=14714"}],"curies":[{"name":"wp","href":"https:\/\/api.w.org\/{rel}","templated":true}]}}