{"id":14708,"date":"2022-04-08T21:52:46","date_gmt":"2022-04-08T21:52:46","guid":{"rendered":"https:\/\/hamkaecenter.org\/?page_id=14708"},"modified":"2023-08-18T15:58:12","modified_gmt":"2023-08-18T20:58:12","slug":"thu-linh","status":"publish","type":"page","link":"https:\/\/hamkaecenter.org\/vi\/thu-linh\/","title":{"rendered":"Th\u1ee7 L\u0129nh Tr\u1ebb"},"content":{"rendered":"[vc_row type=&#8221;full_width_background&#8221; full_screen_row_position=&#8221;middle&#8221; column_margin=&#8221;default&#8221; column_direction=&#8221;default&#8221; column_direction_tablet=&#8221;default&#8221; column_direction_phone=&#8221;default&#8221; bg_image=&#8221;513&#8243; bg_position=&#8221;center center&#8221; background_image_loading=&#8221;default&#8221; bg_repeat=&#8221;no-repeat&#8221; scene_position=&#8221;center&#8221; top_padding=&#8221;12.5%&#8221; bottom_padding=&#8221;12.5%&#8221; text_color=&#8221;light&#8221; text_align=&#8221;left&#8221; row_border_radius=&#8221;none&#8221; row_border_radius_applies=&#8221;bg&#8221; overflow=&#8221;visible&#8221; id=&#8221;intro&#8221; row_name=&#8221;Intro&#8221; color_overlay=&#8221;#000000&#8243; overlay_strength=&#8221;0.3&#8243; gradient_direction=&#8221;left_to_right&#8221; shape_divider_position=&#8221;bottom&#8221; bg_image_animation=&#8221;none&#8221; parallax_bg=&#8221;true&#8221; parallax_bg_speed=&#8221;fixed&#8221; shape_type=&#8221;&#8221;][vc_column column_padding=&#8221;no-extra-padding&#8221; column_padding_tablet=&#8221;inherit&#8221; column_padding_phone=&#8221;inherit&#8221; column_padding_position=&#8221;all&#8221; column_element_spacing=&#8221;default&#8221; centered_text=&#8221;true&#8221; background_color_opacity=&#8221;1&#8243; background_hover_color_opacity=&#8221;1&#8243; column_shadow=&#8221;none&#8221; column_border_radius=&#8221;none&#8221; column_link_target=&#8221;_self&#8221; column_position=&#8221;default&#8221; gradient_direction=&#8221;left_to_right&#8221; overlay_strength=&#8221;0.3&#8243; width=&#8221;1\/1&#8243; tablet_width_inherit=&#8221;default&#8221; tablet_text_alignment=&#8221;default&#8221; phone_text_alignment=&#8221;default&#8221; animation_type=&#8221;default&#8221; bg_image_animation=&#8221;none&#8221; border_type=&#8221;simple&#8221; column_border_width=&#8221;none&#8221; column_border_style=&#8221;solid&#8221;][\/vc_column][\/vc_row][vc_row type=&#8221;in_container&#8221; full_screen_row_position=&#8221;middle&#8221; column_margin=&#8221;default&#8221; column_direction=&#8221;default&#8221; column_direction_tablet=&#8221;default&#8221; column_direction_phone=&#8221;default&#8221; scene_position=&#8221;center&#8221; bottom_padding=&#8221;5%&#8221; text_color=&#8221;dark&#8221; text_align=&#8221;left&#8221; row_border_radius=&#8221;none&#8221; row_border_radius_applies=&#8221;bg&#8221; overflow=&#8221;visible&#8221; id=&#8221;intro&#8221; row_name=&#8221;Intro&#8221; overlay_strength=&#8221;0.3&#8243; gradient_direction=&#8221;left_to_right&#8221; shape_divider_position=&#8221;bottom&#8221; bg_image_animation=&#8221;none&#8221; parallax_bg=&#8221;true&#8221; parallax_bg_speed=&#8221;fixed&#8221; shape_type=&#8221;&#8221;][vc_column column_padding=&#8221;padding-5-percent&#8221; column_padding_tablet=&#8221;inherit&#8221; column_padding_phone=&#8221;inherit&#8221; column_padding_position=&#8221;all&#8221; top_margin=&#8221;-10%&#8221; column_element_spacing=&#8221;default&#8221; centered_text=&#8221;true&#8221; background_color_opacity=&#8221;1&#8243; background_hover_color_opacity=&#8221;1&#8243; column_shadow=&#8221;large_depth&#8221; column_border_radius=&#8221;20px&#8221; column_link_target=&#8221;_self&#8221; column_position=&#8221;default&#8221; boxed=&#8221;true&#8221; gradient_direction=&#8221;left_to_right&#8221; overlay_strength=&#8221;0.3&#8243; width=&#8221;1\/1&#8243; tablet_width_inherit=&#8221;default&#8221; tablet_text_alignment=&#8221;default&#8221; phone_text_alignment=&#8221;default&#8221; animation_type=&#8221;default&#8221; enable_animation=&#8221;true&#8221; animation=&#8221;fade-in-from-bottom&#8221; bg_image_animation=&#8221;none&#8221; border_type=&#8221;simple&#8221; column_border_width=&#8221;none&#8221;][vc_custom_heading text=&#8221;Th\u1ee7 L\u0129nh Tr\u1ebb&#8221; font_container=&#8221;tag:h1|text_align:center&#8221; use_theme_fonts=&#8221;yes&#8221; css=&#8221;.vc_custom_1649454710138{margin-bottom: 50px !important;}&#8221;][vc_column_text]<b>Nh\u00f3m L\u00e3nh \u0110\u1ea1o M\u1edbi (vi\u1ebft t\u1eaft l\u00e0 NLC)<\/b> l\u00e0 ch\u01b0\u01a1ng tr\u00ecnh \u0111\u00e0o t\u1ea1o l\u00e3nh \u0111\u1ea1o d\u00e0nh cho gi\u1edbi tr\u1ebb t\u1eeb 18-24 tu\u1ed5i c\u1ee7a ch\u00fang t\u00f4i. Th\u00f4ng qua c\u00e1c chi\u1ebfn d\u1ecbch t\u1ed5 ch\u1ee9c v\u00e0 ti\u1ebfp c\u1eadn c\u1ed9ng \u0111\u1ed3ng, NLC trang b\u1ecb nh\u1eefng b\u1ea1n tr\u1ebb g\u1ed1c \u00c1 v\u1edbi c\u00e1c c\u00f4ng c\u1ee5 \u0111\u1ec3 t\u1ed5 ch\u1ee9c v\u1edbi v\u00e0 cho c\u1ed9ng \u0111\u1ed3ng c\u1ee7a h\u1ecd. Ng\u01b0\u1eddi tham gia s\u1ebd nh\u1eadn x\u00e9t danh t\u00ednh c\u1ee7a m\u00ecnh, h\u1ecdc v\u1ec1 l\u00fd thuy\u1ebft t\u1ed5 ch\u1ee9c c\u1ed9ng \u0111\u1ed3ng, v\u00e0 l\u00ean k\u1ebf ho\u1ea1ch cho c\u00e1c d\u1ef1 \u00e1n c\u1ed9ng \u0111\u1ed3ng c\u1ee7a ch\u00ednh m\u00ecnh.[\/vc_column_text][vc_row_inner column_margin=&#8221;default&#8221; column_direction=&#8221;default&#8221; column_direction_tablet=&#8221;default&#8221; column_direction_phone=&#8221;default&#8221; top_padding=&#8221;2.5%&#8221; text_align=&#8221;left&#8221; row_position=&#8221;default&#8221; row_position_tablet=&#8221;inherit&#8221; row_position_phone=&#8221;inherit&#8221; overflow=&#8221;visible&#8221; pointer_events=&#8221;all&#8221;][vc_column_inner column_padding=&#8221;no-extra-padding&#8221; column_padding_tablet=&#8221;inherit&#8221; column_padding_phone=&#8221;inherit&#8221; column_padding_position=&#8221;all&#8221; column_element_spacing=&#8221;default&#8221; background_color_opacity=&#8221;1&#8243; background_hover_color_opacity=&#8221;1&#8243; column_shadow=&#8221;none&#8221; column_border_radius=&#8221;none&#8221; column_link_target=&#8221;_self&#8221; gradient_direction=&#8221;left_to_right&#8221; overlay_strength=&#8221;0.3&#8243; width=&#8221;1\/2&#8243; tablet_width_inherit=&#8221;default&#8221; animation_type=&#8221;default&#8221; enable_animation=&#8221;true&#8221; animation=&#8221;fade-in-from-bottom&#8221; bg_image_animation=&#8221;none&#8221; border_type=&#8221;simple&#8221; column_border_width=&#8221;none&#8221; column_border_style=&#8221;solid&#8221;][nectar_btn size=&#8221;large&#8221; open_new_tab=&#8221;true&#8221; button_style=&#8221;regular&#8221; button_color_2=&#8221;Accent-Color&#8221; icon_family=&#8221;none&#8221; url=&#8221;https:\/\/nakasecnlc.wordpress.com\/&#8221; text=&#8221;c\u1eadp nh\u1eadt v\u1edbi l\u1edbp m\u1edbi nh\u1ea5t c\u1ee7a ch\u00fang t\u00f4i&#8221;][\/vc_column_inner][vc_column_inner column_padding=&#8221;no-extra-padding&#8221; column_padding_tablet=&#8221;inherit&#8221; column_padding_phone=&#8221;inherit&#8221; column_padding_position=&#8221;all&#8221; column_element_spacing=&#8221;default&#8221; background_color_opacity=&#8221;1&#8243; background_hover_color_opacity=&#8221;1&#8243; column_shadow=&#8221;none&#8221; column_border_radius=&#8221;none&#8221; column_link_target=&#8221;_self&#8221; gradient_direction=&#8221;left_to_right&#8221; overlay_strength=&#8221;0.3&#8243; width=&#8221;1\/2&#8243; tablet_width_inherit=&#8221;default&#8221; animation_type=&#8221;default&#8221; enable_animation=&#8221;true&#8221; animation=&#8221;fade-in-from-bottom&#8221; bg_image_animation=&#8221;none&#8221; border_type=&#8221;simple&#8221; column_border_width=&#8221;none&#8221; column_border_style=&#8221;solid&#8221; delay=&#8221;250&#8243;][nectar_btn size=&#8221;large&#8221; button_style=&#8221;regular&#8221; button_color_2=&#8221;Accent-Color&#8221; icon_family=&#8221;none&#8221; url=&#8221;\/c\/internships&#8221; text=&#8221;th\u1ef1c t\u1eadp v\u1edbi ch\u00fang t\u00f4i&#8221;][\/vc_column_inner][\/vc_row_inner][\/vc_column][\/vc_row][vc_row type=&#8221;full_width_background&#8221; full_screen_row_position=&#8221;middle&#8221; column_margin=&#8221;default&#8221; equal_height=&#8221;yes&#8221; content_placement=&#8221;middle&#8221; column_direction=&#8221;default&#8221; column_direction_tablet=&#8221;default&#8221; column_direction_phone=&#8221;default&#8221; bg_image=&#8221;13889&#8243; bg_position=&#8221;center center&#8221; background_image_loading=&#8221;default&#8221; bg_repeat=&#8221;no-repeat&#8221; scene_position=&#8221;center&#8221; top_padding=&#8221;2.5%&#8221; bottom_padding=&#8221;2.5%&#8221; text_color=&#8221;light&#8221; text_align=&#8221;left&#8221; row_border_radius=&#8221;none&#8221; row_border_radius_applies=&#8221;bg&#8221; overflow=&#8221;visible&#8221; id=&#8221;involved&#8221; color_overlay=&#8221;rgba(0,0,0,0.75)&#8221; overlay_strength=&#8221;0.8&#8243; gradient_direction=&#8221;left_to_right&#8221; shape_divider_position=&#8221;bottom&#8221; bg_image_animation=&#8221;none&#8221; parallax_bg=&#8221;true&#8221; parallax_bg_speed=&#8221;fixed&#8221; shape_type=&#8221;&#8221;][vc_column column_padding=&#8221;no-extra-padding&#8221; column_padding_tablet=&#8221;inherit&#8221; column_padding_phone=&#8221;inherit&#8221; column_padding_position=&#8221;left-right&#8221; column_element_spacing=&#8221;default&#8221; background_color_opacity=&#8221;1&#8243; background_hover_color_opacity=&#8221;1&#8243; column_shadow=&#8221;none&#8221; column_border_radius=&#8221;none&#8221; column_link_target=&#8221;_self&#8221; column_position=&#8221;default&#8221; gradient_direction=&#8221;left_to_right&#8221; overlay_strength=&#8221;0.3&#8243; width=&#8221;2\/3&#8243; tablet_width_inherit=&#8221;default&#8221; tablet_text_alignment=&#8221;default&#8221; phone_text_alignment=&#8221;default&#8221; animation_type=&#8221;default&#8221; bg_image_animation=&#8221;none&#8221; border_type=&#8221;simple&#8221; column_border_width=&#8221;none&#8221; column_border_style=&#8221;solid&#8221;][nectar_cascading_images image_1_url=&#8221;13887&#8243; image_1_offset_x_sign=&#8221;-&#8221; image_1_offset_x=&#8221;55%&#8221; image_1_offset_y_sign=&#8221;+&#8221; image_1_offset_y=&#8221;30%&#8221; image_1_rotate_sign=&#8221;-&#8221; image_1_rotate=&#8221;5&#8243; image_1_scale=&#8221;1&#8243; image_1_animation=&#8221;Grow In&#8221; image_1_padding=&#8221;auto&#8221; image_1_box_shadow=&#8221;x_large_depth&#8221; image_1_max_width_desktop=&#8221;100%&#8221; image_1_max_width_mobile=&#8221;100%&#8221; image_1_image_width_mobile=&#8221;default&#8221; image_2_url=&#8221;13891&#8243; image_2_offset_x_sign=&#8221;-&#8221; image_2_offset_x=&#8221;35%&#8221; image_2_offset_y_sign=&#8221;-&#8221; image_2_offset_y=&#8221;70%&#8221; image_2_rotate_sign=&#8221;+&#8221; image_2_rotate=&#8221;2.5&#8243; image_2_scale=&#8221;1&#8243; image_2_animation=&#8221;Grow In&#8221; image_2_padding=&#8221;auto&#8221; image_2_box_shadow=&#8221;x_large_depth&#8221; image_2_max_width_desktop=&#8221;100%&#8221; image_2_max_width_mobile=&#8221;100%&#8221; image_2_image_width_mobile=&#8221;default&#8221; image_3_url=&#8221;13888&#8243; image_3_offset_x_sign=&#8221;+&#8221; image_3_offset_x=&#8221;55%&#8221; image_3_offset_y_sign=&#8221;-&#8221; image_3_offset_y=&#8221;30%&#8221; image_3_rotate_sign=&#8221;-&#8221; image_3_rotate=&#8221;2.5&#8243; image_3_scale=&#8221;1&#8243; image_3_animation=&#8221;Grow In&#8221; image_3_padding=&#8221;auto&#8221; image_3_box_shadow=&#8221;x_large_depth&#8221; image_3_max_width_desktop=&#8221;100%&#8221; image_3_max_width_mobile=&#8221;100%&#8221; image_3_image_width_mobile=&#8221;default&#8221; image_4_url=&#8221;13890&#8243; image_4_offset_x_sign=&#8221;+&#8221; image_4_offset_x=&#8221;40%&#8221; image_4_offset_y_sign=&#8221;+&#8221; image_4_offset_y=&#8221;80%&#8221; image_4_rotate_sign=&#8221;+&#8221; image_4_rotate=&#8221;5&#8243; image_4_scale=&#8221;1&#8243; image_4_animation=&#8221;Grow In&#8221; image_4_padding=&#8221;auto&#8221; image_4_box_shadow=&#8221;x_large_depth&#8221; image_4_max_width_desktop=&#8221;100%&#8221; image_4_max_width_mobile=&#8221;100%&#8221; image_4_image_width_mobile=&#8221;default&#8221; element_sizing=&#8221;default&#8221; image_loading=&#8221;default&#8221; border_radius=&#8221;none&#8221; overflow=&#8221;visible&#8221; animation_timing=&#8221;375&#8243;][\/vc_column][vc_column column_padding=&#8221;no-extra-padding&#8221; column_padding_tablet=&#8221;inherit&#8221; column_padding_phone=&#8221;inherit&#8221; column_padding_position=&#8221;all&#8221; column_element_spacing=&#8221;default&#8221; background_color_opacity=&#8221;1&#8243; background_hover_color_opacity=&#8221;1&#8243; column_shadow=&#8221;none&#8221; column_border_radius=&#8221;none&#8221; column_link_target=&#8221;_self&#8221; column_position=&#8221;default&#8221; gradient_direction=&#8221;left_to_right&#8221; overlay_strength=&#8221;0.3&#8243; width=&#8221;1\/3&#8243; tablet_width_inherit=&#8221;default&#8221; tablet_text_alignment=&#8221;default&#8221; phone_text_alignment=&#8221;default&#8221; animation_type=&#8221;default&#8221; enable_animation=&#8221;true&#8221; animation=&#8221;fade-in-from-left&#8221; bg_image_animation=&#8221;none&#8221; border_type=&#8221;simple&#8221; column_border_width=&#8221;none&#8221; column_border_style=&#8221;solid&#8221;][vc_custom_heading text=&#8221;Tham Gia&#8221; font_container=&#8221;tag:h1|text_align:left&#8221; use_theme_fonts=&#8221;yes&#8221; css=&#8221;.vc_custom_1649454718905{margin-bottom: 25px !important;}&#8221;][vc_column_text]N\u1ebfu qu\u00fd v\u1ecb c\u00f3 c\u00e2u h\u1ecfi ho\u1eb7c mu\u1ed1n bi\u1ebft th\u00eam v\u1ec1 c\u00e1c c\u01a1 h\u1ed9i m\u1edbi nh\u1ea5t, xin li\u00ean h\u1ec7 <a href=\"mailto:hello@hamkaecenter.org\" target=\"_blank\" rel=\"noopener\">hello@hamkaecenter.org<\/a>.[\/vc_column_text][\/vc_column][\/vc_row]\n","protected":false},"excerpt":{"rendered":"<p>[vc_row type=&#8221;full_width_background&#8221; full_screen_row_position=&#8221;middle&#8221; column_margin=&#8221;default&#8221; column_direction=&#8221;default&#8221; column_direction_tablet=&#8221;default&#8221; column_direction_phone=&#8221;default&#8221; bg_image=&#8221;513&#8243; bg_position=&#8221;center center&#8221; background_image_loading=&#8221;default&#8221; bg_repeat=&#8221;no-repeat&#8221; scene_position=&#8221;center&#8221; top_padding=&#8221;12.5%&#8221; bottom_padding=&#8221;12.5%&#8221; text_color=&#8221;light&#8221; text_align=&#8221;left&#8221; row_border_radius=&#8221;none&#8221; row_border_radius_applies=&#8221;bg&#8221; overflow=&#8221;visible&#8221; id=&#8221;intro&#8221; row_name=&#8221;Intro&#8221; color_overlay=&#8221;#000000&#8243; overlay_strength=&#8221;0.3&#8243; gradient_direction=&#8221;left_to_right&#8221; shape_divider_position=&#8221;bottom&#8221; bg_image_animation=&#8221;none&#8221; parallax_bg=&#8221;true&#8221; parallax_bg_speed=&#8221;fixed&#8221; shape_type=&#8221;&#8221;][vc_column&#8230;<\/p>\n","protected":false},"author":96,"featured_media":0,"parent":0,"menu_order":0,"comment_status":"closed","ping_status":"closed","template":"","meta":{"footnotes":"","_links_to":"","_links_to_target":""},"class_list":["post-14708","page","type-page","status-publish"],"_links":{"self":[{"href":"https:\/\/hamkaecenter.org\/vi\/wp-json\/wp\/v2\/pages\/14708"}],"collection":[{"href":"https:\/\/hamkaecenter.org\/vi\/wp-json\/wp\/v2\/pages"}],"about":[{"href":"https:\/\/hamkaecenter.org\/vi\/wp-json\/wp\/v2\/types\/page"}],"author":[{"embeddable":true,"href":"https:\/\/hamkaecenter.org\/vi\/wp-json\/wp\/v2\/users\/96"}],"replies":[{"embeddable":true,"href":"https:\/\/hamkaecenter.org\/vi\/wp-json\/wp\/v2\/comments?post=14708"}],"version-history":[{"count":4,"href":"https:\/\/hamkaecenter.org\/vi\/wp-json\/wp\/v2\/pages\/14708\/revisions"}],"predecessor-version":[{"id":17865,"href":"https:\/\/hamkaecenter.org\/vi\/wp-json\/wp\/v2\/pages\/14708\/revisions\/17865"}],"wp:attachment":[{"href":"https:\/\/hamkaecenter.org\/vi\/wp-json\/wp\/v2\/media?parent=14708"}],"curies":[{"name":"wp","href":"https:\/\/api.w.org\/{rel}","templated":true}]}}