{"id":14642,"date":"2022-03-28T22:47:48","date_gmt":"2022-03-28T22:47:48","guid":{"rendered":"https:\/\/hamkaecenter.org\/?page_id=14642"},"modified":"2025-06-12T14:04:16","modified_gmt":"2025-06-12T19:04:16","slug":"lien-lac","status":"publish","type":"page","link":"https:\/\/hamkaecenter.org\/vi\/lien-lac\/","title":{"rendered":"Li\u00ean L\u1ea1c"},"content":{"rendered":"[vc_row type=&#8221;full_width_content&#8221; full_screen_row_position=&#8221;middle&#8221; column_margin=&#8221;default&#8221; equal_height=&#8221;yes&#8221; column_direction=&#8221;default&#8221; column_direction_tablet=&#8221;default&#8221; column_direction_phone=&#8221;default&#8221; bg_color=&#8221;#ffffff&#8221; scene_position=&#8221;center&#8221; text_color=&#8221;custom&#8221; custom_text_color=&#8221;#1b4765&#8243; text_align=&#8221;left&#8221; row_border_radius=&#8221;none&#8221; row_border_radius_applies=&#8221;bg&#8221; overflow=&#8221;visible&#8221; overlay_strength=&#8221;0.3&#8243; gradient_direction=&#8221;left_to_right&#8221; shape_divider_position=&#8221;bottom&#8221; bg_image_animation=&#8221;none&#8221; shape_type=&#8221;&#8221;][vc_column column_padding=&#8221;no-extra-padding&#8221; column_padding_tablet=&#8221;inherit&#8221; column_padding_phone=&#8221;inherit&#8221; column_padding_position=&#8221;all&#8221; column_element_spacing=&#8221;default&#8221; background_color_opacity=&#8221;1&#8243; background_hover_color_opacity=&#8221;1&#8243; column_shadow=&#8221;none&#8221; column_border_radius=&#8221;none&#8221; column_link_target=&#8221;_self&#8221; column_position=&#8221;default&#8221; gradient_direction=&#8221;left_to_right&#8221; overlay_strength=&#8221;0.3&#8243; width=&#8221;1\/2&#8243; tablet_width_inherit=&#8221;default&#8221; tablet_text_alignment=&#8221;default&#8221; phone_text_alignment=&#8221;default&#8221; animation_type=&#8221;default&#8221; bg_image_animation=&#8221;none&#8221; border_type=&#8221;simple&#8221; column_border_width=&#8221;none&#8221; column_border_style=&#8221;solid&#8221;][nectar_gmap map_type=&#8221;leaflet&#8221; zoom=&#8221;11&#8243; marker_style=&#8221;nectar&#8221; color=&#8221;accent-color&#8221; infowindow_start_open=&#8221;1&#8243; map_center_lat=&#8221;38.85752238.857522&#8243; map_center_lng=&#8221;-77.338160&#8243; map_markers=&#8221;38.85752238.857522|-77.338160|v\u0103n ph\u00f2ng Fairfax&#8221; marker_image_width=&#8221;25&#8243; marker_image_height=&#8221;25&#8243; size=&#8221;560&#8243;][\/vc_column][vc_column column_padding=&#8221;padding-5-percent&#8221; column_padding_tablet=&#8221;inherit&#8221; column_padding_phone=&#8221;inherit&#8221; column_padding_position=&#8221;all&#8221; column_element_spacing=&#8221;default&#8221; background_color_opacity=&#8221;1&#8243; background_hover_color_opacity=&#8221;1&#8243; column_shadow=&#8221;none&#8221; column_border_radius=&#8221;none&#8221; column_link_target=&#8221;_self&#8221; column_position=&#8221;default&#8221; gradient_direction=&#8221;left_to_right&#8221; overlay_strength=&#8221;0.3&#8243; width=&#8221;1\/2&#8243; tablet_width_inherit=&#8221;default&#8221; tablet_text_alignment=&#8221;default&#8221; phone_text_alignment=&#8221;default&#8221; animation_type=&#8221;default&#8221; enable_animation=&#8221;true&#8221; animation=&#8221;fade-in-from-bottom&#8221; bg_image_animation=&#8221;none&#8221; border_type=&#8221;simple&#8221; column_border_width=&#8221;none&#8221; column_border_style=&#8221;solid&#8221;][vc_custom_heading text=&#8221;Li\u00ean L\u1ea1c&#8221; font_container=&#8221;tag:h1|text_align:left&#8221; use_theme_fonts=&#8221;yes&#8221; css=&#8221;.vc_custom_1648507588694{margin-bottom: 50px !important;}&#8221;][vc_column_text]C\u1ea3 hai v\u0103n ph\u00f2ng c\u1ee7a ch\u00fang t\u00f4i hi\u1ec7n \u0111ang \u0111\u00f3ng c\u1eeda do d\u1ecbch COVID-19. Tuy nhi\u00ean, t\u1ea5t c\u1ea3 nh\u00e2n vi\u00ean \u0111\u1ec1u li\u00ean l\u1ea1c \u0111\u01b0\u1ee3c qua s\u1ed1 <a href=\"tel:7032562208\" target=\"_blank\" rel=\"noopener\">703-256-2208<\/a> ho\u1eb7c <a href=\"mailto:hello@hamkaecenter.org\" target=\"_blank\" rel=\"noopener\">hello@hamkaecenter.org<\/a>.[\/vc_column_text][nectar_icon_list animate=&#8221;true&#8221; color=&#8221;Accent-Color&#8221; direction=&#8221;horizontal&#8221; columns=&#8221;2&#8243; icon_size=&#8221;small&#8221; icon_style=&#8221;no-border&#8221;][nectar_icon_list_item icon_type=&#8221;icon&#8221; text_full_html=&#8221;simple&#8221; title=&#8221;List Item&#8221; id=&#8221;1739984136248-1&#8243; icon_fontawesome=&#8221;fa fa-map-marker&#8221; header=&#8221;Fairfax&#8221; text=&#8221;11350 Random Hills Rd. Suite 230, Fairfax, VA 22030&#8243; tab_id=&#8221;1739984136248-9&#8243;][\/nectar_icon_list_item][\/nectar_icon_list][\/vc_column][\/vc_row]\n","protected":false},"excerpt":{"rendered":"<p>[vc_row type=&#8221;full_width_content&#8221; full_screen_row_position=&#8221;middle&#8221; column_margin=&#8221;default&#8221; equal_height=&#8221;yes&#8221; column_direction=&#8221;default&#8221; column_direction_tablet=&#8221;default&#8221; column_direction_phone=&#8221;default&#8221; bg_color=&#8221;#ffffff&#8221; scene_position=&#8221;center&#8221; text_color=&#8221;custom&#8221; custom_text_color=&#8221;#1b4765&#8243; text_align=&#8221;left&#8221; row_border_radius=&#8221;none&#8221; row_border_radius_applies=&#8221;bg&#8221; overflow=&#8221;visible&#8221; overlay_strength=&#8221;0.3&#8243; gradient_direction=&#8221;left_to_right&#8221; shape_divider_position=&#8221;bottom&#8221; bg_image_animation=&#8221;none&#8221; shape_type=&#8221;&#8221;][vc_column column_padding=&#8221;no-extra-padding&#8221; column_padding_tablet=&#8221;inherit&#8221; column_padding_phone=&#8221;inherit&#8221; column_padding_position=&#8221;all&#8221; column_element_spacing=&#8221;default&#8221; background_color_opacity=&#8221;1&#8243; background_hover_color_opacity=&#8221;1&#8243; column_shadow=&#8221;none&#8221; column_border_radius=&#8221;none&#8221;&#8230;<\/p>\n","protected":false},"author":96,"featured_media":0,"parent":0,"menu_order":0,"comment_status":"closed","ping_status":"closed","template":"","meta":{"footnotes":"","_links_to":"","_links_to_target":""},"class_list":["post-14642","page","type-page","status-publish"],"_links":{"self":[{"href":"https:\/\/hamkaecenter.org\/vi\/wp-json\/wp\/v2\/pages\/14642"}],"collection":[{"href":"https:\/\/hamkaecenter.org\/vi\/wp-json\/wp\/v2\/pages"}],"about":[{"href":"https:\/\/hamkaecenter.org\/vi\/wp-json\/wp\/v2\/types\/page"}],"author":[{"embeddable":true,"href":"https:\/\/hamkaecenter.org\/vi\/wp-json\/wp\/v2\/users\/96"}],"replies":[{"embeddable":true,"href":"https:\/\/hamkaecenter.org\/vi\/wp-json\/wp\/v2\/comments?post=14642"}],"version-history":[{"count":6,"href":"https:\/\/hamkaecenter.org\/vi\/wp-json\/wp\/v2\/pages\/14642\/revisions"}],"predecessor-version":[{"id":19653,"href":"https:\/\/hamkaecenter.org\/vi\/wp-json\/wp\/v2\/pages\/14642\/revisions\/19653"}],"wp:attachment":[{"href":"https:\/\/hamkaecenter.org\/vi\/wp-json\/wp\/v2\/media?parent=14642"}],"curies":[{"name":"wp","href":"https:\/\/api.w.org\/{rel}","templated":true}]}}